{"id":56,"date":"2021-06-22T10:27:41","date_gmt":"2021-06-22T09:27:41","guid":{"rendered":"https:\/\/www.stoffladen-sg.ch\/?post_type=product&#038;p=56"},"modified":"2021-06-22T10:30:45","modified_gmt":"2021-06-22T09:30:45","slug":"basic","status":"publish","type":"product","link":"https:\/\/www.stoffladen-sg.ch\/?product=basic","title":{"rendered":"Basic"},"content":{"rendered":"<p>&nbsp;<\/p>\n<p>Beschreibung al\u00f6kjdf\u00f6klajsd\u00f6fl<\/p>\n<p>&nbsp;<\/p>\n<p>&nbsp;<\/p>\n","protected":false},"excerpt":{"rendered":"<p>Singlejersey<\/p>\n<p>&nbsp;<\/p>\n<p>&nbsp;<\/p>\n","protected":false},"featured_media":54,"comment_status":"open","ping_status":"closed","template":"","meta":[],"product_cat":[20],"product_tag":[],"_links":{"self":[{"href":"https:\/\/www.stoffladen-sg.ch\/index.php?rest_route=\/wp\/v2\/product\/56"}],"collection":[{"href":"https:\/\/www.stoffladen-sg.ch\/index.php?rest_route=\/wp\/v2\/product"}],"about":[{"href":"https:\/\/www.stoffladen-sg.ch\/index.php?rest_route=\/wp\/v2\/types\/product"}],"replies":[{"embeddable":true,"href":"https:\/\/www.stoffladen-sg.ch\/index.php?rest_route=%2Fwp%2Fv2%2Fcomments&post=56"}],"wp:featuredmedia":[{"embeddable":true,"href":"https:\/\/www.stoffladen-sg.ch\/index.php?rest_route=\/wp\/v2\/media\/54"}],"wp:attachment":[{"href":"https:\/\/www.stoffladen-sg.ch\/index.php?rest_route=%2Fwp%2Fv2%2Fmedia&parent=56"}],"wp:term":[{"taxonomy":"product_cat","embeddable":true,"href":"https:\/\/www.stoffladen-sg.ch\/index.php?rest_route=%2Fwp%2Fv2%2Fproduct_cat&post=56"},{"taxonomy":"product_tag","embeddable":true,"href":"https:\/\/www.stoffladen-sg.ch\/index.php?rest_route=%2Fwp%2Fv2%2Fproduct_tag&post=56"}],"curies":[{"name":"wp","href":"https:\/\/api.w.org\/{rel}","templated":true}]}}